{"id":46,"date":"2012-12-02T21:30:01","date_gmt":"2012-12-02T21:30:01","guid":{"rendered":"http:\/\/knights-of-heaven.de\/wp-ergo\/?page_id=46"},"modified":"2023-05-08T09:52:31","modified_gmt":"2023-05-08T09:52:31","slug":"orthopadie-rheumatologie-traumatologie","status":"publish","type":"page","link":"http:\/\/ergovital-heiligenhafen.de\/?page_id=46","title":{"rendered":"Orthop\u00e4die\/ Rheumatologie\/ Traumatologie"},"content":{"rendered":"<p>In diesem Bereich werden Patienten mit Amputationen, Erkrankungen des rheumatischen Formenkreises und St\u00f6rungen und Funktionseinschr\u00e4nkungen nach Frakturen behandelt.<\/p>\n<p>Folgende Ma\u00dfnahmen werden hierbei ergriffen:<\/p>\n<p>&#8211; Alltagstraining<br \/>\n&#8211; Beratung und Therapie zum Gelenkschutz<br \/>\n&#8211; Gezieltes Bewegungstraining zur Verbesserung der Mobilit\u00e4t<\/p>\n","protected":false},"excerpt":{"rendered":"<p>In diesem Bereich werden Patienten mit Amputationen, Erkrankungen des rheumatischen Formenkreises und St\u00f6rungen und Funktionseinschr\u00e4nkungen nach Frakturen behandelt. Folgende Ma\u00dfnahmen werden hierbei ergriffen: &#8211; Alltagstraining &#8211; Beratung und Therapie zum Gelenkschutz &#8211; Gezieltes Bewegungstraining zur Verbesserung der Mobilit\u00e4t<\/p>\n","protected":false},"author":1,"featured_media":0,"parent":0,"menu_order":0,"comment_status":"closed","ping_status":"closed","template":"","meta":[],"_links":{"self":[{"href":"http:\/\/ergovital-heiligenhafen.de\/index.php?rest_route=\/wp\/v2\/pages\/46"}],"collection":[{"href":"http:\/\/ergovital-heiligenhafen.de\/index.php?rest_route=\/wp\/v2\/pages"}],"about":[{"href":"http:\/\/ergovital-heiligenhafen.de\/index.php?rest_route=\/wp\/v2\/types\/page"}],"author":[{"embeddable":true,"href":"http:\/\/ergovital-heiligenhafen.de\/index.php?rest_route=\/wp\/v2\/users\/1"}],"replies":[{"embeddable":true,"href":"http:\/\/ergovital-heiligenhafen.de\/index.php?rest_route=%2Fwp%2Fv2%2Fcomments&post=46"}],"version-history":[{"count":1,"href":"http:\/\/ergovital-heiligenhafen.de\/index.php?rest_route=\/wp\/v2\/pages\/46\/revisions"}],"predecessor-version":[{"id":352,"href":"http:\/\/ergovital-heiligenhafen.de\/index.php?rest_route=\/wp\/v2\/pages\/46\/revisions\/352"}],"wp:attachment":[{"href":"http:\/\/ergovital-heiligenhafen.de\/index.php?rest_route=%2Fwp%2Fv2%2Fmedia&parent=46"}],"curies":[{"name":"wp","href":"https:\/\/api.w.org\/{rel}","templated":true}]}}