{"id":80,"date":"2012-12-03T16:45:42","date_gmt":"2012-12-03T16:45:42","guid":{"rendered":"http:\/\/knights-of-heaven.de\/wp-ergo\/?page_id=80"},"modified":"2023-05-08T09:51:33","modified_gmt":"2023-05-08T09:51:33","slug":"motorikraum","status":"publish","type":"page","link":"http:\/\/ergovital-heiligenhafen.de\/?page_id=80","title":{"rendered":"Motorikraum"},"content":{"rendered":"<p>In diesem Raum werden Wahrnehmungsst\u00f6rungen, Bewegungs- und Koordinationsst\u00f6rungen spielerisch behandelt.<br \/>\nDas Kletterger\u00fcst wird zum Dschungel, die Schaukel zum Piratenschiff und das B\u00e4llebad zur Schatzinsel.<br \/>\nDer Fantasie der Kinder sind keine Grenzen gesetzt; und durch gezielten Materialeinsatz kann mit Spa\u00df an den Defiziten gearbeitet werden.<br \/>\nEs wird eine H\u00f6hle gebaut, Springmeisterschaften und Wettfahrten mit dem Rollbrett sind nur einige Beispiele f\u00fcr die vielen M\u00f6glichkeiten, die dieser Raum in der Therapie bietet.<\/p>\n<p>[nggallery id=1]<\/p>\n","protected":false},"excerpt":{"rendered":"<p>In diesem Raum werden Wahrnehmungsst\u00f6rungen, Bewegungs- und Koordinationsst\u00f6rungen spielerisch behandelt. Das Kletterger\u00fcst wird zum Dschungel, die Schaukel zum Piratenschiff und das B\u00e4llebad zur Schatzinsel. Der Fantasie der Kinder sind keine Grenzen gesetzt; und durch gezielten Materialeinsatz kann mit Spa\u00df an den Defiziten gearbeitet werden. Es wird eine H\u00f6hle gebaut, Springmeisterschaften und Wettfahrten mit dem Rollbrett [&hellip;]<\/p>\n","protected":false},"author":1,"featured_media":0,"parent":0,"menu_order":0,"comment_status":"closed","ping_status":"closed","template":"","meta":[],"_links":{"self":[{"href":"http:\/\/ergovital-heiligenhafen.de\/index.php?rest_route=\/wp\/v2\/pages\/80"}],"collection":[{"href":"http:\/\/ergovital-heiligenhafen.de\/index.php?rest_route=\/wp\/v2\/pages"}],"about":[{"href":"http:\/\/ergovital-heiligenhafen.de\/index.php?rest_route=\/wp\/v2\/types\/page"}],"author":[{"embeddable":true,"href":"http:\/\/ergovital-heiligenhafen.de\/index.php?rest_route=\/wp\/v2\/users\/1"}],"replies":[{"embeddable":true,"href":"http:\/\/ergovital-heiligenhafen.de\/index.php?rest_route=%2Fwp%2Fv2%2Fcomments&post=80"}],"version-history":[{"count":1,"href":"http:\/\/ergovital-heiligenhafen.de\/index.php?rest_route=\/wp\/v2\/pages\/80\/revisions"}],"predecessor-version":[{"id":349,"href":"http:\/\/ergovital-heiligenhafen.de\/index.php?rest_route=\/wp\/v2\/pages\/80\/revisions\/349"}],"wp:attachment":[{"href":"http:\/\/ergovital-heiligenhafen.de\/index.php?rest_route=%2Fwp%2Fv2%2Fmedia&parent=80"}],"curies":[{"name":"wp","href":"https:\/\/api.w.org\/{rel}","templated":true}]}}